{"id":813,"date":"2022-09-29T15:41:58","date_gmt":"2022-09-29T13:41:58","guid":{"rendered":"https:\/\/acfootballexperiences.eus\/?page_id=813"},"modified":"2022-11-08T02:43:31","modified_gmt":"2022-11-08T01:43:31","slug":"pribatutasun-politika","status":"publish","type":"page","link":"https:\/\/acfootballexperiences.eus\/eu\/pribatutasun-politika\/","title":{"rendered":"Pribatutasun-politika"},"content":{"rendered":"<style>#kt-layout-id_8f988e-5b > .kt-row-column-wrap{align-content:center;}:where(#kt-layout-id_8f988e-5b > .kt-row-column-wrap) > .wp-block-kadence-column{justify-content:center;}#kt-layout-id_8f988e-5b > .kt-row-column-wrap{column-gap:80px;row-gap:20px;max-width:960px;margin-left:auto;margin-right:auto;padding-top:25px;padding-bottom:25px;padding-top:80px;padding-bottom:80px;padding-left:80px;padding-right:80px;grid-template-columns:minmax(0, 1fr);}#kt-layout-id_8f988e-5b > .kt-row-layout-overlay{opacity:0.30;}@media all and (max-width: 1024px){#kt-layout-id_8f988e-5b > .kt-row-column-wrap{padding-top:40px;padding-right:40px;padding-bottom:40px;padding-left:40px;grid-template-columns:minmax(0, 1fr);}}@media all and (max-width: 767px){#kt-layout-id_8f988e-5b > .kt-row-column-wrap{padding-top:80px;padding-bottom:80px;padding-left:20px;padding-right:20px;grid-template-columns:minmax(0, 1fr);}}<\/style>\n<section class=\"wp-block-kadence-rowlayout alignnone seccion-legal\"><div id=\"kt-layout-id_8f988e-5b\" class=\"kt-row-layout-inner kt-layout-id_8f988e-5b\"><div class=\"kt-row-column-wrap kt-has-1-columns kt-gutter-widest kt-v-gutter-narrow kt-row-valign-middle kt-row-layout-equal kt-tab-layout-inherit kt-m-colapse-left-to-right kt-mobile-layout-row\"><style>.kadence-column_9ad1ab-0d > .kt-inside-inner-col{border-top-width:0px;border-right-width:0px;border-bottom-width:0px;border-left-width:0px;}.kadence-column_9ad1ab-0d > .kt-inside-inner-col,.kadence-column_9ad1ab-0d > .kt-inside-inner-col:before{border-top-left-radius:0px;border-top-right-radius:0px;border-bottom-right-radius:0px;border-bottom-left-radius:0px;}.kadence-column_9ad1ab-0d > .kt-inside-inner-col:before{opacity:0.3;}.kadence-column_9ad1ab-0d{text-align:left;}.kadence-column_9ad1ab-0d{position:relative;}@media all and (max-width: 767px){.kadence-column_9ad1ab-0d{text-align:left;}}<\/style>\n<div class=\"wp-block-kadence-column inner-column-1 kadence-column_9ad1ab-0d kb-section-dir-vertical kb-section-sm-dir-vertical\"><div class=\"kt-inside-inner-col\"><style>.wp-block-kadence-advancedheading.kt-adv-heading_ec8152-fa, .wp-block-kadence-advancedheading.kt-adv-heading_ec8152-fa[data-kb-block=\"kb-adv-heading_ec8152-fa\"]{font-style:normal;}.wp-block-kadence-advancedheading.kt-adv-heading_ec8152-fa mark, .wp-block-kadence-advancedheading.kt-adv-heading_ec8152-fa[data-kb-block=\"kb-adv-heading_ec8152-fa\"] mark{font-style:normal;color:#f76a0c;padding-top:0px;padding-right:0px;padding-bottom:0px;padding-left:0px;}<\/style>\n<h1 class=\"kt-adv-heading_ec8152-fa wp-block-kadence-advancedheading\" data-kb-block=\"kb-adv-heading_ec8152-fa\">Pribatutasun-politika<\/h1>\n\n\n\n<h2 class=\"wp-block-heading\">1. INFORMACI\u00d3N AL USUARIO<\/h2>\n\n\n\n<p><strong>DIMENSION FOOTBALL FACTORY SL<\/strong>, como Responsable del Tratamiento, le informa que, seg\u00fan lo dispuesto en el Reglamento (UE) 2016\/679, de 27 de abril, (RGPD) y en la L.O. 3\/2018, de 5 de diciembre, de protecci\u00f3n de datos y garant\u00eda de los derechos digitales (LOPDGDD), trataremos su datos tal y como reflejamos en la presente Pol\u00edtica de Privacidad.<br\/><br\/>En esta Pol\u00edtica de Privacidad describimos c\u00f3mo recogemos sus datos personales y por qu\u00e9 los recogemos, qu\u00e9 hacemos con ellos, con qui\u00e9n los compartimos, c\u00f3mo los protegemos y sus opciones en cuanto al tratamiento de sus datos personales.<br\/><br\/>Esta Pol\u00edtica se aplica al tratamiento de sus datos personales recogidos por la empresa para la prestaci\u00f3n de sus servicios. Si acepta las medidas de esta Pol\u00edtica, acepta que tratemos sus datos personales como se define en esta Pol\u00edtica.<\/p>\n\n\n\n<h2 class=\"wp-block-heading\">2. CONTACTO<\/h2>\n\n\n\n<p>Denominaci\u00f3n social:\u00a0<strong>DIMENSION FOOTBALL FACTORY SL<\/strong><br\/><br\/>Nombre comercial:\u00a0<strong>DIMENSION FOOTBALL<\/strong><br\/><br\/>CIF:\u00a0<strong>B95991410<\/strong><br\/><br\/>Domicilio:\u00a0<strong>C\/ Ercilla 26 \u2013 Escalera A, 1\u00ba Derecha\u00a0 48011\u00a0 \u2013 (Bilbao) \u2013 Vizcaya<\/strong>\u00a0<br\/><br\/>e-mail:\u00a0<strong><a href=\"mailto:info@dimensionfootball.com\">info@dimensionfootball.com<\/a><\/strong><\/p>\n\n\n\n<h2 class=\"wp-block-heading\">3. PRINCIPIOS CLAVE<\/h2>\n\n\n\n<p>Siempre hemos estado comprometidos con prestar nuestros servicios con el m\u00e1s alto grado de calidad, lo que incluye tratar sus datos con seguridad y transparencia. Nuestros principios son:<br\/><br\/><strong>\u00b7 Legalidad:<\/strong>\u00a0Solo recopilaremos sus Datos personales para fines espec\u00edficos, expl\u00edcitos y leg\u00edtimos.<br\/><strong>\u00b7 Minimizaci\u00f3n de datos:<\/strong>\u00a0Limitamos la recogida de datos de car\u00e1cter personal a lo que es estrictamente relevante y necesario para los fines para los que se han recopilado.<br\/><strong>\u00b7 Limitaci\u00f3n de la Finalidad:<\/strong>\u00a0Solo recogeremos sus datos personales para los fines declarados y solo seg\u00fan sus deseos.<br\/><strong>\u00b7 Precisi\u00f3n:<\/strong>\u00a0Mantendremos sus datos personales exactos y actualizados.<br\/><strong>\u00b7 Seguridad de los Datos:<\/strong>\u00a0Aplicamos las medidas t\u00e9cnicas y organizativas adecuadas y proporcionales a los riesgos para garantizar que sus datos no sufran da\u00f1os, tales como divulgaci\u00f3n o acceso no autorizado, la destrucci\u00f3n accidental o il\u00edcita o su p\u00e9rdida accidental o alteraci\u00f3n y cualquier otra forma de tratamiento il\u00edcito.<br\/><strong>\u00b7 Acceso y Rectificaci\u00f3n:<\/strong>\u00a0Disponemos de medios para que acceda o rectifique sus datos cuando lo considere oportuno.<br\/><strong>\u00b7 Conservaci\u00f3n:<\/strong>\u00a0Conservamos sus datos personales de manera legal y apropiada y solo mientras es necesario para los fines para los que se han recopilado.<br\/><strong>\u00b7 Las transferencias internacionales:<\/strong>\u00a0cuando se d\u00e9 el caso de que sus datos vayan a ser transferidos fuera de la UE\/EEE se proteger\u00e1n adecuadamente.<br\/><strong>\u00b7 Terceros:<\/strong>\u00a0El acceso y transferencia de datos personales a terceros se llevan a cabo de acuerdo con las leyes y reglamentos aplicables y con las garant\u00edas contractuales adecuadas.<br\/><strong>\u00b7 Marketing Directo y cookies:<\/strong>\u00a0Cumplimos con la legislaci\u00f3n aplicable en materia de publicidad y cookies.<\/p>\n\n\n\n<h2 class=\"wp-block-heading\">4. RECOGIDA Y TRATAMIENTO DE TUS DATOS PERSONALES<\/h2>\n\n\n\n<p>Te informamos que los datos que nos facilitas estar\u00e1n ubicados en los servidores de Nicalia Internet S.L.U. (proveedor de <strong>DIMENSION FOOTBALL FACTORY SL<\/strong>).<\/p>\n\n\n\n<p>Las tipos de datos que se pueden solicitar y tratar son:<br\/>\u00b7 Datos de car\u00e1cter identificativo.<br\/>Tambi\u00e9n recogemos de forma autom\u00e1tica datos sobre su visita a nuestro sitio web\u00a0 seg\u00fan se describe en la pol\u00edtica de cookies.<br\/>Siempre que solicitemos sus Datos personales, le informaremos con claridad de qu\u00e9 datos personales recogemos y con qu\u00e9 fin. En general, recogemos y tratamos sus datos personales con el prop\u00f3sito de:<br\/><br\/>\u00b7 Proporcionar informaci\u00f3n, servicios, productos, informaci\u00f3n relevante y novedades en el sector.<br\/>\u00b7 Env\u00edo de comunicaciones.<br\/>\u00b7 Gesti\u00f3n de usuarios en la propia plataforma.<\/p>\n\n\n\n<p><\/p>\n\n\n\n<h3 class=\"wp-block-heading\">\u00bfA qu\u00e9 destinatarios se comunicar\u00e1n tus datos?<\/h3>\n\n\n\n<p>Muchas herramientas que utilizamos para gestionar nuestros datos son contratados por terceros.<\/p>\n\n\n\n<p>Para prestar los servicios estrictamente necesarios para el desarrollo de nuestra actividad, <a href=\"https:\/\/acfootballexperiences.eus\/\">https:\/\/acfootballexperiences.eus\/<\/a>, comparte los datos con los siguientes prestadores bajo sus correspondientes condiciones de privacidad:<\/p>\n\n\n\n<p><strong>Google Analytics:\u00a0<\/strong>Servicio anal\u00edtico de web prestado por Google, Inc., una compa\u00f1\u00eda de Delaware cuya oficina principal est\u00e1 en 1600 Amphitheatre Parkway, Mountain View (California), CA 94043, Estados Unidos (\u201cGoogle\u201d).<\/p>\n\n\n\n<p>Google Analytics utiliza \u201ccookies\u201d, que son archivos de texto ubicados en tu ordenador, para ayudar a <a href=\"https:\/\/acfootballexperiences.eus\/\">https:\/\/acfootballexperiences.eus\/<\/a>\u00a0a analizar el uso que hacen los usuarios del sitio web.<\/p>\n\n\n\n<p>La informaci\u00f3n que genera la cookie acerca de su uso de <a href=\"https:\/\/acfootballexperiences.eus\/\">https:\/\/acfootballexperiences.eus\/<\/a> (incluyendo tu direcci\u00f3n IP) ser\u00e1 directamente transmitida y archivada por Google en los servidores de Estados Unidos.<br\/><br\/><strong>Hosting:\u00a0\u00a0<\/strong>Nicalia Internet S.L.U., con domicilio en Espa\u00f1a.<\/p>\n\n\n\n<p>M\u00e1s informaci\u00f3n en: <a href=\"https:\/\/www.nicalia.com\/nosotros\/aviso-legal\" rel=\"nofollow noopener\" target=\"_blank\">https:\/\/www.nicalia.com\/nosotros\/aviso-legal<\/a>. trata los datos con la finalidad de realizar sus servicios de hosting a <a href=\"https:\/\/acfootballexperiences.eus\/\">https:\/\/acfootballexperiences.eus\/<\/a> ( <strong>DIMENSION FOOTBALL FACTORY SL<\/strong>)<br\/><br\/><strong>Plataforma web:\u00a0<\/strong>Automattic Inc., con domicilio en EEUU.<\/p>\n\n\n\n<p>M\u00e1s informaci\u00f3n en:\u00a0<a href=\"https:\/\/es.wordpress.com\/\" rel=\"nofollow noopener\" target=\"_blank\">https:\/\/es.wordpress.com\/<\/a>\u00a0(Automattic Inc.).<\/p>\n\n\n\n<p>Automattic Inc. trata los datos con la finalidad de realizar sus servicios de plataforma web a  <strong>DIMENSION FOOTBALL FACTORY SL<\/strong><\/p>\n\n\n\n<p><strong>Proveedor de email marketing:<\/strong>\u00a0Mailchimp una marca registrada de The Rocket Science Group en Atlanta USA<\/p>\n\n\n\n<p>M\u00e1s informaci\u00f3n en:\u00a0<a href=\"https:\/\/mailchimp.com\/\" rel=\"nofollow noopener\" target=\"_blank\">https:\/\/mailchimp.com\/<\/a><\/p>\n\n\n\n<p>Mailchimp trata los datos con la finalidad de realizar sus servicios de plataforma web a  <strong>DIMENSION FOOTBALL FACTORY SL<\/strong><\/p>\n\n\n\n<h2 class=\"wp-block-heading\">5. LEGITIMIDAD<\/h2>\n\n\n\n<p>De acuerdo con la normativa de protecci\u00f3n de datos aplicable, sus datos personales podr\u00e1n tratarse siempre que:<br\/><br\/>\u00b7 Nos ha dado su consentimiento a los efectos del tratamiento. Por supuesto podr\u00e1 retirar su consentimiento en cualquier momento.<br\/>\u00b7 Por requerimiento legal.<br\/>Por exisitr un inter\u00e9s leg\u00edtimo que no se vea menoscabado por sus derechos de privacidad, como por ejemplo el env\u00edo de informaci\u00f3n comercial bien por suscripci\u00f3n a nuestra newsletter o por su condici\u00f3n de cliente.<br\/>Por se necesaria para la prestaci\u00f3n de alguno de nuestros servicios mediante relaci\u00f3n contractual entre usted y nosotros.<\/p>\n\n\n\n<h2 class=\"wp-block-heading\">6. COMUNICACI\u00d3N DE DATOS PERSONALES<\/h2>\n\n\n\n<p>Los datos pueden ser comunicados a empresas relacionadas con\u00a0<strong>DIMENSION FOOTBALL FACTORY SL<\/strong>\u00a0para la prestaci\u00f3n de los diversos servicios en calidad de Encargados del Tratamiento. La empresa no realizar\u00e1 ninguna cesi\u00f3n, salvo por obligaci\u00f3n legal.<\/p>\n\n\n\n<h2 class=\"wp-block-heading\">7. SUS DERECHOS<\/h2>\n\n\n\n<p>En relaci\u00f3n con la recogida y tratamiento de sus datos personales, puede ponerse en contacto con nosotros en cualquier momento para:<br\/><br\/>\u00b7 Acceder a sus datos personales y a cualquier otra informaci\u00f3n indicada en el Art\u00edculo 15.1 del RGPD.<br\/>\u00b7 Rectificar sus datos personales que sean inexactos o est\u00e9n incompletos de acuerdo con el Art\u00edculo 16 del RGPD.<br\/>\u00b7 Suprimir sus datos personales de acuerdo con el Art\u00edculo 17 del RGPD.<br\/>\u00b7 Limitar el tratamiento de sus datos personales de acuerdo con el Art\u00edculo 18 del RGPD.<br\/>\u00b7 Solicitar la portabilidad de sus datos de acuerdo con el Art\u00edculo 20 del\u00a0RGPD.<br\/>\u00b7 Oponerse al tratamiento de sus datos personales de acuerdo con el art\u00edculo 21 del RGPD.<br\/><br\/>Si ha otorgado su consentimiento para alguna finalidad concreta, tiene derecho a retirar el consentimiento otorgado en cualquier momento, sin que ello afecte a la licitud del tratamiento basado en el consentimiento previo a su retirada\u00a0rrhh.<br\/><br\/>Puede ejercer estos derechos enviando comunicaci\u00f3n, motivada y acreditada, a <a href=\"mailto:info@accampus.eus\">info@accampus.eus<\/a><br\/><br\/>Tambi\u00e9n tiene derecho a presentar una reclamaci\u00f3n ante la Autoridad de control competente (www.aepd.es) si\u00a0considera que el tratamiento no se ajusta a la normativa vigente.<\/p>\n\n\n\n<h2 class=\"wp-block-heading\">8. INFORMACI\u00d3N LEGAL<\/h2>\n\n\n\n<p>Los requisitos de esta Pol\u00edtica complementan, y no reemplazan, cualquier otro requisito existente bajo la ley de protecci\u00f3n de datos aplicable, que ser\u00e1 la que prevalezca en cualquier caso. Esta Pol\u00edtica est\u00e1 sujeta a revisiones peri\u00f3dicas y la empresa puede modificarla en cualquier momento. Cuando esto ocurra, le avisaremos de cualquier cambio y le pediremos que vuelva a leer la versi\u00f3n m\u00e1s reciente de nuestra Pol\u00edtica y que confirme su aceptaci\u00f3n.<\/p>\n<\/div><\/div>\n<\/div><\/div><\/section>\n","protected":false},"excerpt":{"rendered":"<p>Pribatutasun-politika 1. INFORMACI\u00d3N AL USUARIO DIMENSION FOOTBALL FACTORY SL, como Responsable del Tratamiento, le informa que, seg\u00fan lo dispuesto en el Reglamento (UE) 2016\/679, de 27 de abril, (RGPD) y en la L.O. 3\/2018, de 5 de diciembre, de protecci\u00f3n de datos y garant\u00eda de los derechos digitales (LOPDGDD), trataremos su datos tal y como&#8230;<\/p>\n","protected":false},"author":1,"featured_media":0,"parent":0,"menu_order":0,"comment_status":"closed","ping_status":"open","template":"","meta":{"_kad_blocks_custom_css":"","_kad_blocks_head_custom_js":"","_kad_blocks_body_custom_js":"","_kad_blocks_footer_custom_js":"","_kad_post_transparent":"","_kad_post_title":"","_kad_post_layout":"","_kad_post_sidebar_id":"","_kad_post_content_style":"","_kad_post_vertical_padding":"","_kad_post_feature":"","_kad_post_feature_position":"","_kad_post_header":false,"_kad_post_footer":false},"featured_image_src_large":false,"author_info":{"display_name":"AC DIMENSI\u00d3N","author_link":"https:\/\/acfootballexperiences.eus\/eu\/author\/web_v3lxfkp7\/"},"comment_info":0,"taxonomy_info":[],"_links":{"self":[{"href":"https:\/\/acfootballexperiences.eus\/eu\/wp-json\/wp\/v2\/pages\/813"}],"collection":[{"href":"https:\/\/acfootballexperiences.eus\/eu\/wp-json\/wp\/v2\/pages"}],"about":[{"href":"https:\/\/acfootballexperiences.eus\/eu\/wp-json\/wp\/v2\/types\/page"}],"author":[{"embeddable":true,"href":"https:\/\/acfootballexperiences.eus\/eu\/wp-json\/wp\/v2\/users\/1"}],"replies":[{"embeddable":true,"href":"https:\/\/acfootballexperiences.eus\/eu\/wp-json\/wp\/v2\/comments?post=813"}],"version-history":[{"count":0,"href":"https:\/\/acfootballexperiences.eus\/eu\/wp-json\/wp\/v2\/pages\/813\/revisions"}],"wp:attachment":[{"href":"https:\/\/acfootballexperiences.eus\/eu\/wp-json\/wp\/v2\/media?parent=813"}],"curies":[{"name":"wp","href":"https:\/\/api.w.org\/{rel}","templated":true}]}}